{"id":17596,"date":"2024-05-31T17:30:21","date_gmt":"2024-05-31T20:30:21","guid":{"rendered":"https:\/\/arinzano.com\/?post_type=product&#038;p=17596"},"modified":"2025-02-10T17:19:59","modified_gmt":"2025-02-10T20:19:59","slug":"arinzano-eternidad","status":"publish","type":"product","link":"https:\/\/arinzano.com\/en\/product\/arinzano-eternidad","title":{"rendered":"AR\u00cdNZANO ETERNIDAD"},"content":{"rendered":"","protected":false},"excerpt":{"rendered":"<div class=\"page\" title=\"Page 1\">\n<div class=\"layoutArea\">\n<div class=\"column\">\n<p>Time stops when tasting Ari\u0301nzano Eternidad. Our timeless Chardonnay. It is the expression of this variety taken to the limit. A legacy that is not only maintained, but grows and gains complexity, demonstrating the sum of virtues over time. Infinite potential. A collection of several vintages, unlimited, singular and unique.<\/p>\n<\/div>\n<\/div>\n<\/div>\n","protected":false},"featured_media":17594,"comment_status":"open","ping_status":"closed","template":"","meta":{"_acf_changed":false,"site-sidebar-layout":"default","site-content-layout":"default","ast-site-content-layout":"","site-content-style":"default","site-sidebar-style":"default","ast-global-header-display":"","ast-banner-title-visibility":"","ast-main-header-display":"","ast-hfb-above-header-display":"","ast-hfb-below-header-display":"","ast-hfb-mobile-header-display":"","site-post-title":"","ast-breadcrumbs-content":"","ast-featured-img":"","footer-sml-layout":"","theme-transparent-header-meta":"default","adv-header-id-meta":"","stick-header-meta":"","header-above-stick-meta":"","header-main-stick-meta":"","header-below-stick-meta":"","astra-migrate-meta-layouts":"default","ast-page-background-enabled":"default","ast-page-background-meta":{"desktop":{"background-color":"","background-image":"","background-repeat":"repeat","background-position":"center center","background-size":"auto","background-attachment":"scroll","background-type":"","background-media":"","overlay-type":"","overlay-color":"","overlay-opacity":"","overlay-gradient":""},"tablet":{"background-color":"","background-image":"","background-repeat":"repeat","background-position":"center center","background-size":"auto","background-attachment":"scroll","background-type":"","background-media":"","overlay-type":"","overlay-color":"","overlay-opacity":"","overlay-gradient":""},"mobile":{"background-color":"","background-image":"","background-repeat":"repeat","background-position":"center center","background-size":"auto","background-attachment":"scroll","background-type":"","background-media":"","overlay-type":"","overlay-color":"","overlay-opacity":"","overlay-gradient":""}},"ast-content-background-meta":{"desktop":{"background-color":"var(--ast-global-color-5)","background-image":"","background-repeat":"repeat","background-position":"center center","background-size":"auto","background-attachment":"scroll","background-type":"","background-media":"","overlay-type":"","overlay-color":"","overlay-opacity":"","overlay-gradient":""},"tablet":{"background-color":"var(--ast-global-color-5)","background-image":"","background-repeat":"repeat","background-position":"center center","background-size":"auto","background-attachment":"scroll","background-type":"","background-media":"","overlay-type":"","overlay-color":"","overlay-opacity":"","overlay-gradient":""},"mobile":{"background-color":"var(--ast-global-color-5)","background-image":"","background-repeat":"repeat","background-position":"center center","background-size":"auto","background-attachment":"scroll","background-type":"","background-media":"","overlay-type":"","overlay-color":"","overlay-opacity":"","overlay-gradient":""}}},"product_brand":[],"product_cat":[109],"product_tag":[],"class_list":{"0":"post-17596","1":"product","2":"type-product","3":"status-publish","4":"has-post-thumbnail","6":"product_cat-sin-categorizar-en","7":"desktop-align-left","8":"tablet-align-left","9":"mobile-align-left","11":"first","12":"instock","13":"taxable","14":"shipping-taxable","15":"purchasable","16":"product-type-simple"},"acf":[],"yoast_head":"<!-- This site is optimized with the Yoast SEO plugin v25.1 - https:\/\/yoast.com\/wordpress\/plugins\/seo\/ -->\n<title>AR\u00cdNZANO ETERNIDAD - Arinzano<\/title>\n<meta name=\"robots\" content=\"index, follow, max-snippet:-1, max-image-preview:large, max-video-preview:-1\" \/>\n<link rel=\"canonical\" href=\"https:\/\/arinzano.com\/en\/product\/arinzano-eternidad\" \/>\n<meta property=\"og:locale\" content=\"en_US\" \/>\n<meta property=\"og:type\" content=\"article\" \/>\n<meta property=\"og:title\" content=\"AR\u00cdNZANO ETERNIDAD - Arinzano\" \/>\n<meta property=\"og:description\" content=\"Time stops when tasting Ari\u0301nzano Eternidad. Our timeless Chardonnay. It is the expression of this variety taken to the limit. A legacy that is not only maintained, but grows and gains complexity, demonstrating the sum of virtues over time. Infinite potential. A collection of several vintages, unlimited, singular and unique.\" \/>\n<meta property=\"og:url\" content=\"https:\/\/arinzano.com\/en\/product\/arinzano-eternidad\" \/>\n<meta property=\"og:site_name\" content=\"Arinzano\" \/>\n<meta property=\"article:publisher\" content=\"https:\/\/www.facebook.com\/arinzano1055\" \/>\n<meta property=\"article:modified_time\" content=\"2025-02-10T20:19:59+00:00\" \/>\n<meta property=\"og:image\" content=\"https:\/\/arinzano.com\/wp-content\/uploads\/2024\/04\/bottle_eternidad.png\" \/>\n\t<meta property=\"og:image:width\" content=\"339\" \/>\n\t<meta property=\"og:image:height\" content=\"973\" \/>\n\t<meta property=\"og:image:type\" content=\"image\/png\" \/>\n<meta name=\"twitter:card\" content=\"summary_large_image\" \/>\n<script type=\"application\/ld+json\" class=\"yoast-schema-graph\">{\"@context\":\"https:\/\/schema.org\",\"@graph\":[{\"@type\":\"WebPage\",\"@id\":\"https:\/\/arinzano.com\/en\/product\/arinzano-eternidad\",\"url\":\"https:\/\/arinzano.com\/en\/product\/arinzano-eternidad\",\"name\":\"AR\u00cdNZANO ETERNIDAD - Arinzano\",\"isPartOf\":{\"@id\":\"https:\/\/arinzano.com\/en#website\"},\"primaryImageOfPage\":{\"@id\":\"https:\/\/arinzano.com\/en\/product\/arinzano-eternidad#primaryimage\"},\"image\":{\"@id\":\"https:\/\/arinzano.com\/en\/product\/arinzano-eternidad#primaryimage\"},\"thumbnailUrl\":\"https:\/\/arinzano.com\/wp-content\/uploads\/2024\/04\/bottle_eternidad.png\",\"datePublished\":\"2024-05-31T20:30:21+00:00\",\"dateModified\":\"2025-02-10T20:19:59+00:00\",\"breadcrumb\":{\"@id\":\"https:\/\/arinzano.com\/en\/product\/arinzano-eternidad#breadcrumb\"},\"inLanguage\":\"en-US\",\"potentialAction\":[{\"@type\":\"ReadAction\",\"target\":[\"https:\/\/arinzano.com\/en\/product\/arinzano-eternidad\"]}]},{\"@type\":\"ImageObject\",\"inLanguage\":\"en-US\",\"@id\":\"https:\/\/arinzano.com\/en\/product\/arinzano-eternidad#primaryimage\",\"url\":\"https:\/\/arinzano.com\/wp-content\/uploads\/2024\/04\/bottle_eternidad.png\",\"contentUrl\":\"https:\/\/arinzano.com\/wp-content\/uploads\/2024\/04\/bottle_eternidad.png\",\"width\":339,\"height\":973},{\"@type\":\"BreadcrumbList\",\"@id\":\"https:\/\/arinzano.com\/en\/product\/arinzano-eternidad#breadcrumb\",\"itemListElement\":[{\"@type\":\"ListItem\",\"position\":1,\"name\":\"Home\",\"item\":\"https:\/\/arinzano.com\/en\"},{\"@type\":\"ListItem\",\"position\":2,\"name\":\"Store\",\"item\":\"https:\/\/arinzano.com\/en\/store\"},{\"@type\":\"ListItem\",\"position\":3,\"name\":\"AR\u00cdNZANO ETERNIDAD\"}]},{\"@type\":\"WebSite\",\"@id\":\"https:\/\/arinzano.com\/en#website\",\"url\":\"https:\/\/arinzano.com\/en\",\"name\":\"Arinzano\",\"description\":\"La denominaci\u00f3n de vino de pago es la m\u00e1xima categor\u00eda que puede obtener un vino en Espa\u00f1a.\",\"publisher\":{\"@id\":\"https:\/\/arinzano.com\/en#organization\"},\"potentialAction\":[{\"@type\":\"SearchAction\",\"target\":{\"@type\":\"EntryPoint\",\"urlTemplate\":\"https:\/\/arinzano.com\/en?s={search_term_string}\"},\"query-input\":{\"@type\":\"PropertyValueSpecification\",\"valueRequired\":true,\"valueName\":\"search_term_string\"}}],\"inLanguage\":\"en-US\"},{\"@type\":\"Organization\",\"@id\":\"https:\/\/arinzano.com\/en#organization\",\"name\":\"Arinzano\",\"url\":\"https:\/\/arinzano.com\/en\",\"logo\":{\"@type\":\"ImageObject\",\"inLanguage\":\"en-US\",\"@id\":\"https:\/\/arinzano.com\/en#\/schema\/logo\/image\/\",\"url\":\"https:\/\/arinzano.com\/wp-content\/uploads\/2022\/12\/logo.png\",\"contentUrl\":\"https:\/\/arinzano.com\/wp-content\/uploads\/2022\/12\/logo.png\",\"width\":502,\"height\":460,\"caption\":\"Arinzano\"},\"image\":{\"@id\":\"https:\/\/arinzano.com\/en#\/schema\/logo\/image\/\"},\"sameAs\":[\"https:\/\/www.facebook.com\/arinzano1055\"]}]}<\/script>\n<!-- \/ Yoast SEO plugin. -->","yoast_head_json":{"title":"AR\u00cdNZANO ETERNIDAD - Arinzano","robots":{"index":"index","follow":"follow","max-snippet":"max-snippet:-1","max-image-preview":"max-image-preview:large","max-video-preview":"max-video-preview:-1"},"canonical":"https:\/\/arinzano.com\/en\/product\/arinzano-eternidad","og_locale":"en_US","og_type":"article","og_title":"AR\u00cdNZANO ETERNIDAD - Arinzano","og_description":"Time stops when tasting Ari\u0301nzano Eternidad. Our timeless Chardonnay. It is the expression of this variety taken to the limit. A legacy that is not only maintained, but grows and gains complexity, demonstrating the sum of virtues over time. Infinite potential. A collection of several vintages, unlimited, singular and unique.","og_url":"https:\/\/arinzano.com\/en\/product\/arinzano-eternidad","og_site_name":"Arinzano","article_publisher":"https:\/\/www.facebook.com\/arinzano1055","article_modified_time":"2025-02-10T20:19:59+00:00","og_image":[{"width":339,"height":973,"url":"https:\/\/arinzano.com\/wp-content\/uploads\/2024\/04\/bottle_eternidad.png","type":"image\/png"}],"twitter_card":"summary_large_image","schema":{"@context":"https:\/\/schema.org","@graph":[{"@type":"WebPage","@id":"https:\/\/arinzano.com\/en\/product\/arinzano-eternidad","url":"https:\/\/arinzano.com\/en\/product\/arinzano-eternidad","name":"AR\u00cdNZANO ETERNIDAD - Arinzano","isPartOf":{"@id":"https:\/\/arinzano.com\/en#website"},"primaryImageOfPage":{"@id":"https:\/\/arinzano.com\/en\/product\/arinzano-eternidad#primaryimage"},"image":{"@id":"https:\/\/arinzano.com\/en\/product\/arinzano-eternidad#primaryimage"},"thumbnailUrl":"https:\/\/arinzano.com\/wp-content\/uploads\/2024\/04\/bottle_eternidad.png","datePublished":"2024-05-31T20:30:21+00:00","dateModified":"2025-02-10T20:19:59+00:00","breadcrumb":{"@id":"https:\/\/arinzano.com\/en\/product\/arinzano-eternidad#breadcrumb"},"inLanguage":"en-US","potentialAction":[{"@type":"ReadAction","target":["https:\/\/arinzano.com\/en\/product\/arinzano-eternidad"]}]},{"@type":"ImageObject","inLanguage":"en-US","@id":"https:\/\/arinzano.com\/en\/product\/arinzano-eternidad#primaryimage","url":"https:\/\/arinzano.com\/wp-content\/uploads\/2024\/04\/bottle_eternidad.png","contentUrl":"https:\/\/arinzano.com\/wp-content\/uploads\/2024\/04\/bottle_eternidad.png","width":339,"height":973},{"@type":"BreadcrumbList","@id":"https:\/\/arinzano.com\/en\/product\/arinzano-eternidad#breadcrumb","itemListElement":[{"@type":"ListItem","position":1,"name":"Home","item":"https:\/\/arinzano.com\/en"},{"@type":"ListItem","position":2,"name":"Store","item":"https:\/\/arinzano.com\/en\/store"},{"@type":"ListItem","position":3,"name":"AR\u00cdNZANO ETERNIDAD"}]},{"@type":"WebSite","@id":"https:\/\/arinzano.com\/en#website","url":"https:\/\/arinzano.com\/en","name":"Arinzano","description":"La denominaci\u00f3n de vino de pago es la m\u00e1xima categor\u00eda que puede obtener un vino en Espa\u00f1a.","publisher":{"@id":"https:\/\/arinzano.com\/en#organization"},"potentialAction":[{"@type":"SearchAction","target":{"@type":"EntryPoint","urlTemplate":"https:\/\/arinzano.com\/en?s={search_term_string}"},"query-input":{"@type":"PropertyValueSpecification","valueRequired":true,"valueName":"search_term_string"}}],"inLanguage":"en-US"},{"@type":"Organization","@id":"https:\/\/arinzano.com\/en#organization","name":"Arinzano","url":"https:\/\/arinzano.com\/en","logo":{"@type":"ImageObject","inLanguage":"en-US","@id":"https:\/\/arinzano.com\/en#\/schema\/logo\/image\/","url":"https:\/\/arinzano.com\/wp-content\/uploads\/2022\/12\/logo.png","contentUrl":"https:\/\/arinzano.com\/wp-content\/uploads\/2022\/12\/logo.png","width":502,"height":460,"caption":"Arinzano"},"image":{"@id":"https:\/\/arinzano.com\/en#\/schema\/logo\/image\/"},"sameAs":["https:\/\/www.facebook.com\/arinzano1055"]}]}},"_links":{"self":[{"href":"https:\/\/arinzano.com\/en\/wp-json\/wp\/v2\/product\/17596","targetHints":{"allow":["GET"]}}],"collection":[{"href":"https:\/\/arinzano.com\/en\/wp-json\/wp\/v2\/product"}],"about":[{"href":"https:\/\/arinzano.com\/en\/wp-json\/wp\/v2\/types\/product"}],"replies":[{"embeddable":true,"href":"https:\/\/arinzano.com\/en\/wp-json\/wp\/v2\/comments?post=17596"}],"version-history":[{"count":8,"href":"https:\/\/arinzano.com\/en\/wp-json\/wp\/v2\/product\/17596\/revisions"}],"predecessor-version":[{"id":17981,"href":"https:\/\/arinzano.com\/en\/wp-json\/wp\/v2\/product\/17596\/revisions\/17981"}],"wp:featuredmedia":[{"embeddable":true,"href":"https:\/\/arinzano.com\/en\/wp-json\/wp\/v2\/media\/17594"}],"wp:attachment":[{"href":"https:\/\/arinzano.com\/en\/wp-json\/wp\/v2\/media?parent=17596"}],"wp:term":[{"taxonomy":"product_brand","embeddable":true,"href":"https:\/\/arinzano.com\/en\/wp-json\/wp\/v2\/product_brand?post=17596"},{"taxonomy":"product_cat","embeddable":true,"href":"https:\/\/arinzano.com\/en\/wp-json\/wp\/v2\/product_cat?post=17596"},{"taxonomy":"product_tag","embeddable":true,"href":"https:\/\/arinzano.com\/en\/wp-json\/wp\/v2\/product_tag?post=17596"}],"curies":[{"name":"wp","href":"https:\/\/api.w.org\/{rel}","templated":true}]}}