{"id":11686,"date":"2023-10-10T11:05:17","date_gmt":"2023-10-10T14:05:17","guid":{"rendered":"https:\/\/arinzano.com\/?post_type=product&#038;p=11686"},"modified":"2025-05-21T15:12:55","modified_gmt":"2025-05-21T18:12:55","slug":"gran-vino-blanco","status":"publish","type":"product","link":"https:\/\/arinzano.com\/en\/product\/gran-vino-blanco","title":{"rendered":"AR\u00cdNZANO GRAN VINO BLANCO"},"content":{"rendered":"","protected":false},"excerpt":{"rendered":"<div class=\"\">\n<div class=\"WordSection1\">\n<div class=\"\">\n<div class=\"\">\n<div class=\"WordSection1\">\n<div class=\"\">\n<div class=\"\">\n<div class=\"\">\n<div class=\"\">\n<div class=\"\">Time stops when tasting the Gran Vino Blanco. The icon wine, from the best plots, which are distinguished by their stony soils and a slightly cooler climate. Faithful reflection of this land and its climate, it will not be indifferent to those who taste it, as it is probably the most representative Chardonnay in Spain.<\/div>\n<\/div>\n<\/div>\n<\/div>\n<\/div>\n<\/div>\n<\/div>\n<\/div>\n<\/div>\n<\/div>\n","protected":false},"featured_media":11725,"comment_status":"open","ping_status":"closed","template":"","meta":{"_acf_changed":false,"site-sidebar-layout":"default","site-content-layout":"default","ast-site-content-layout":"","site-content-style":"default","site-sidebar-style":"default","ast-global-header-display":"","ast-banner-title-visibility":"","ast-main-header-display":"","ast-hfb-above-header-display":"","ast-hfb-below-header-display":"","ast-hfb-mobile-header-display":"","site-post-title":"","ast-breadcrumbs-content":"","ast-featured-img":"","footer-sml-layout":"","theme-transparent-header-meta":"default","adv-header-id-meta":"","stick-header-meta":"","header-above-stick-meta":"","header-main-stick-meta":"","header-below-stick-meta":"","astra-migrate-meta-layouts":"default","ast-page-background-enabled":"default","ast-page-background-meta":{"desktop":{"background-color":"","background-image":"","background-repeat":"repeat","background-position":"center center","background-size":"auto","background-attachment":"scroll","background-type":"","background-media":"","overlay-type":"","overlay-color":"","overlay-opacity":"","overlay-gradient":""},"tablet":{"background-color":"","background-image":"","background-repeat":"repeat","background-position":"center center","background-size":"auto","background-attachment":"scroll","background-type":"","background-media":"","overlay-type":"","overlay-color":"","overlay-opacity":"","overlay-gradient":""},"mobile":{"background-color":"","background-image":"","background-repeat":"repeat","background-position":"center center","background-size":"auto","background-attachment":"scroll","background-type":"","background-media":"","overlay-type":"","overlay-color":"","overlay-opacity":"","overlay-gradient":""}},"ast-content-background-meta":{"desktop":{"background-color":"var(--ast-global-color-5)","background-image":"","background-repeat":"repeat","background-position":"center center","background-size":"auto","background-attachment":"scroll","background-type":"","background-media":"","overlay-type":"","overlay-color":"","overlay-opacity":"","overlay-gradient":""},"tablet":{"background-color":"var(--ast-global-color-5)","background-image":"","background-repeat":"repeat","background-position":"center center","background-size":"auto","background-attachment":"scroll","background-type":"","background-media":"","overlay-type":"","overlay-color":"","overlay-opacity":"","overlay-gradient":""},"mobile":{"background-color":"var(--ast-global-color-5)","background-image":"","background-repeat":"repeat","background-position":"center center","background-size":"auto","background-attachment":"scroll","background-type":"","background-media":"","overlay-type":"","overlay-color":"","overlay-opacity":"","overlay-gradient":""}}},"product_brand":[],"product_cat":[109],"product_tag":[],"class_list":{"0":"post-11686","1":"product","2":"type-product","3":"status-publish","4":"has-post-thumbnail","6":"product_cat-sin-categorizar-en","7":"desktop-align-left","8":"tablet-align-left","9":"mobile-align-left","11":"first","12":"instock","13":"taxable","14":"shipping-taxable","15":"purchasable","16":"product-type-simple"},"acf":[],"yoast_head":"<!-- This site is optimized with the Yoast SEO plugin v25.1 - https:\/\/yoast.com\/wordpress\/plugins\/seo\/ -->\n<title>AR\u00cdNZANO GRAN VINO BLANCO - Arinzano<\/title>\n<meta name=\"robots\" content=\"index, follow, max-snippet:-1, max-image-preview:large, max-video-preview:-1\" \/>\n<link rel=\"canonical\" href=\"https:\/\/arinzano.com\/en\/product\/gran-vino-blanco\" \/>\n<meta property=\"og:locale\" content=\"en_US\" \/>\n<meta property=\"og:type\" content=\"article\" \/>\n<meta property=\"og:title\" content=\"AR\u00cdNZANO GRAN VINO BLANCO - Arinzano\" \/>\n<meta property=\"og:description\" content=\"Time stops when tasting the Gran Vino Blanco. The icon wine, from the best plots, which are distinguished by their stony soils and a slightly cooler climate. Faithful reflection of this land and its climate, it will not be indifferent to those who taste it, as it is probably the most representative Chardonnay in Spain.\" \/>\n<meta property=\"og:url\" content=\"https:\/\/arinzano.com\/en\/product\/gran-vino-blanco\" \/>\n<meta property=\"og:site_name\" content=\"Arinzano\" \/>\n<meta property=\"article:publisher\" content=\"https:\/\/www.facebook.com\/arinzano1055\" \/>\n<meta property=\"article:modified_time\" content=\"2025-05-21T18:12:55+00:00\" \/>\n<meta property=\"og:image\" content=\"https:\/\/arinzano.com\/wp-content\/uploads\/2023\/10\/Ari\u0301nzano-Gran-Vino-Blanco_sinan\u0303o_web-2.png\" \/>\n\t<meta property=\"og:image:width\" content=\"339\" \/>\n\t<meta property=\"og:image:height\" content=\"973\" \/>\n\t<meta property=\"og:image:type\" content=\"image\/png\" \/>\n<meta name=\"twitter:card\" content=\"summary_large_image\" \/>\n<script type=\"application\/ld+json\" class=\"yoast-schema-graph\">{\"@context\":\"https:\/\/schema.org\",\"@graph\":[{\"@type\":\"WebPage\",\"@id\":\"https:\/\/arinzano.com\/en\/product\/gran-vino-blanco\",\"url\":\"https:\/\/arinzano.com\/en\/product\/gran-vino-blanco\",\"name\":\"AR\u00cdNZANO GRAN VINO BLANCO - Arinzano\",\"isPartOf\":{\"@id\":\"https:\/\/arinzano.com\/en#website\"},\"primaryImageOfPage\":{\"@id\":\"https:\/\/arinzano.com\/en\/product\/gran-vino-blanco#primaryimage\"},\"image\":{\"@id\":\"https:\/\/arinzano.com\/en\/product\/gran-vino-blanco#primaryimage\"},\"thumbnailUrl\":\"https:\/\/arinzano.com\/wp-content\/uploads\/2023\/10\/Ari\u0301nzano-Gran-Vino-Blanco_sinan\u0303o_web-2.png\",\"datePublished\":\"2023-10-10T14:05:17+00:00\",\"dateModified\":\"2025-05-21T18:12:55+00:00\",\"breadcrumb\":{\"@id\":\"https:\/\/arinzano.com\/en\/product\/gran-vino-blanco#breadcrumb\"},\"inLanguage\":\"en-US\",\"potentialAction\":[{\"@type\":\"ReadAction\",\"target\":[\"https:\/\/arinzano.com\/en\/product\/gran-vino-blanco\"]}]},{\"@type\":\"ImageObject\",\"inLanguage\":\"en-US\",\"@id\":\"https:\/\/arinzano.com\/en\/product\/gran-vino-blanco#primaryimage\",\"url\":\"https:\/\/arinzano.com\/wp-content\/uploads\/2023\/10\/Ari\u0301nzano-Gran-Vino-Blanco_sinan\u0303o_web-2.png\",\"contentUrl\":\"https:\/\/arinzano.com\/wp-content\/uploads\/2023\/10\/Ari\u0301nzano-Gran-Vino-Blanco_sinan\u0303o_web-2.png\",\"width\":339,\"height\":973},{\"@type\":\"BreadcrumbList\",\"@id\":\"https:\/\/arinzano.com\/en\/product\/gran-vino-blanco#breadcrumb\",\"itemListElement\":[{\"@type\":\"ListItem\",\"position\":1,\"name\":\"Home\",\"item\":\"https:\/\/arinzano.com\/en\"},{\"@type\":\"ListItem\",\"position\":2,\"name\":\"Store\",\"item\":\"https:\/\/arinzano.com\/en\/store\"},{\"@type\":\"ListItem\",\"position\":3,\"name\":\"AR\u00cdNZANO GRAN VINO BLANCO\"}]},{\"@type\":\"WebSite\",\"@id\":\"https:\/\/arinzano.com\/en#website\",\"url\":\"https:\/\/arinzano.com\/en\",\"name\":\"Arinzano\",\"description\":\"La denominaci\u00f3n de vino de pago es la m\u00e1xima categor\u00eda que puede obtener un vino en Espa\u00f1a.\",\"publisher\":{\"@id\":\"https:\/\/arinzano.com\/en#organization\"},\"potentialAction\":[{\"@type\":\"SearchAction\",\"target\":{\"@type\":\"EntryPoint\",\"urlTemplate\":\"https:\/\/arinzano.com\/en?s={search_term_string}\"},\"query-input\":{\"@type\":\"PropertyValueSpecification\",\"valueRequired\":true,\"valueName\":\"search_term_string\"}}],\"inLanguage\":\"en-US\"},{\"@type\":\"Organization\",\"@id\":\"https:\/\/arinzano.com\/en#organization\",\"name\":\"Arinzano\",\"url\":\"https:\/\/arinzano.com\/en\",\"logo\":{\"@type\":\"ImageObject\",\"inLanguage\":\"en-US\",\"@id\":\"https:\/\/arinzano.com\/en#\/schema\/logo\/image\/\",\"url\":\"https:\/\/arinzano.com\/wp-content\/uploads\/2022\/12\/logo.png\",\"contentUrl\":\"https:\/\/arinzano.com\/wp-content\/uploads\/2022\/12\/logo.png\",\"width\":502,\"height\":460,\"caption\":\"Arinzano\"},\"image\":{\"@id\":\"https:\/\/arinzano.com\/en#\/schema\/logo\/image\/\"},\"sameAs\":[\"https:\/\/www.facebook.com\/arinzano1055\"]}]}<\/script>\n<!-- \/ Yoast SEO plugin. -->","yoast_head_json":{"title":"AR\u00cdNZANO GRAN VINO BLANCO - Arinzano","robots":{"index":"index","follow":"follow","max-snippet":"max-snippet:-1","max-image-preview":"max-image-preview:large","max-video-preview":"max-video-preview:-1"},"canonical":"https:\/\/arinzano.com\/en\/product\/gran-vino-blanco","og_locale":"en_US","og_type":"article","og_title":"AR\u00cdNZANO GRAN VINO BLANCO - Arinzano","og_description":"Time stops when tasting the Gran Vino Blanco. The icon wine, from the best plots, which are distinguished by their stony soils and a slightly cooler climate. Faithful reflection of this land and its climate, it will not be indifferent to those who taste it, as it is probably the most representative Chardonnay in Spain.","og_url":"https:\/\/arinzano.com\/en\/product\/gran-vino-blanco","og_site_name":"Arinzano","article_publisher":"https:\/\/www.facebook.com\/arinzano1055","article_modified_time":"2025-05-21T18:12:55+00:00","og_image":[{"width":339,"height":973,"url":"https:\/\/arinzano.com\/wp-content\/uploads\/2023\/10\/Ari\u0301nzano-Gran-Vino-Blanco_sinan\u0303o_web-2.png","type":"image\/png"}],"twitter_card":"summary_large_image","schema":{"@context":"https:\/\/schema.org","@graph":[{"@type":"WebPage","@id":"https:\/\/arinzano.com\/en\/product\/gran-vino-blanco","url":"https:\/\/arinzano.com\/en\/product\/gran-vino-blanco","name":"AR\u00cdNZANO GRAN VINO BLANCO - Arinzano","isPartOf":{"@id":"https:\/\/arinzano.com\/en#website"},"primaryImageOfPage":{"@id":"https:\/\/arinzano.com\/en\/product\/gran-vino-blanco#primaryimage"},"image":{"@id":"https:\/\/arinzano.com\/en\/product\/gran-vino-blanco#primaryimage"},"thumbnailUrl":"https:\/\/arinzano.com\/wp-content\/uploads\/2023\/10\/Ari\u0301nzano-Gran-Vino-Blanco_sinan\u0303o_web-2.png","datePublished":"2023-10-10T14:05:17+00:00","dateModified":"2025-05-21T18:12:55+00:00","breadcrumb":{"@id":"https:\/\/arinzano.com\/en\/product\/gran-vino-blanco#breadcrumb"},"inLanguage":"en-US","potentialAction":[{"@type":"ReadAction","target":["https:\/\/arinzano.com\/en\/product\/gran-vino-blanco"]}]},{"@type":"ImageObject","inLanguage":"en-US","@id":"https:\/\/arinzano.com\/en\/product\/gran-vino-blanco#primaryimage","url":"https:\/\/arinzano.com\/wp-content\/uploads\/2023\/10\/Ari\u0301nzano-Gran-Vino-Blanco_sinan\u0303o_web-2.png","contentUrl":"https:\/\/arinzano.com\/wp-content\/uploads\/2023\/10\/Ari\u0301nzano-Gran-Vino-Blanco_sinan\u0303o_web-2.png","width":339,"height":973},{"@type":"BreadcrumbList","@id":"https:\/\/arinzano.com\/en\/product\/gran-vino-blanco#breadcrumb","itemListElement":[{"@type":"ListItem","position":1,"name":"Home","item":"https:\/\/arinzano.com\/en"},{"@type":"ListItem","position":2,"name":"Store","item":"https:\/\/arinzano.com\/en\/store"},{"@type":"ListItem","position":3,"name":"AR\u00cdNZANO GRAN VINO BLANCO"}]},{"@type":"WebSite","@id":"https:\/\/arinzano.com\/en#website","url":"https:\/\/arinzano.com\/en","name":"Arinzano","description":"La denominaci\u00f3n de vino de pago es la m\u00e1xima categor\u00eda que puede obtener un vino en Espa\u00f1a.","publisher":{"@id":"https:\/\/arinzano.com\/en#organization"},"potentialAction":[{"@type":"SearchAction","target":{"@type":"EntryPoint","urlTemplate":"https:\/\/arinzano.com\/en?s={search_term_string}"},"query-input":{"@type":"PropertyValueSpecification","valueRequired":true,"valueName":"search_term_string"}}],"inLanguage":"en-US"},{"@type":"Organization","@id":"https:\/\/arinzano.com\/en#organization","name":"Arinzano","url":"https:\/\/arinzano.com\/en","logo":{"@type":"ImageObject","inLanguage":"en-US","@id":"https:\/\/arinzano.com\/en#\/schema\/logo\/image\/","url":"https:\/\/arinzano.com\/wp-content\/uploads\/2022\/12\/logo.png","contentUrl":"https:\/\/arinzano.com\/wp-content\/uploads\/2022\/12\/logo.png","width":502,"height":460,"caption":"Arinzano"},"image":{"@id":"https:\/\/arinzano.com\/en#\/schema\/logo\/image\/"},"sameAs":["https:\/\/www.facebook.com\/arinzano1055"]}]}},"_links":{"self":[{"href":"https:\/\/arinzano.com\/en\/wp-json\/wp\/v2\/product\/11686","targetHints":{"allow":["GET"]}}],"collection":[{"href":"https:\/\/arinzano.com\/en\/wp-json\/wp\/v2\/product"}],"about":[{"href":"https:\/\/arinzano.com\/en\/wp-json\/wp\/v2\/types\/product"}],"replies":[{"embeddable":true,"href":"https:\/\/arinzano.com\/en\/wp-json\/wp\/v2\/comments?post=11686"}],"version-history":[{"count":13,"href":"https:\/\/arinzano.com\/en\/wp-json\/wp\/v2\/product\/11686\/revisions"}],"predecessor-version":[{"id":18270,"href":"https:\/\/arinzano.com\/en\/wp-json\/wp\/v2\/product\/11686\/revisions\/18270"}],"wp:featuredmedia":[{"embeddable":true,"href":"https:\/\/arinzano.com\/en\/wp-json\/wp\/v2\/media\/11725"}],"wp:attachment":[{"href":"https:\/\/arinzano.com\/en\/wp-json\/wp\/v2\/media?parent=11686"}],"wp:term":[{"taxonomy":"product_brand","embeddable":true,"href":"https:\/\/arinzano.com\/en\/wp-json\/wp\/v2\/product_brand?post=11686"},{"taxonomy":"product_cat","embeddable":true,"href":"https:\/\/arinzano.com\/en\/wp-json\/wp\/v2\/product_cat?post=11686"},{"taxonomy":"product_tag","embeddable":true,"href":"https:\/\/arinzano.com\/en\/wp-json\/wp\/v2\/product_tag?post=11686"}],"curies":[{"name":"wp","href":"https:\/\/api.w.org\/{rel}","templated":true}]}}