{"id":10728,"date":"2023-01-31T13:00:09","date_gmt":"2023-01-31T16:00:09","guid":{"rendered":"http:\/\/arinzano.com\/?post_type=product&#038;p=10728"},"modified":"2025-02-10T17:34:06","modified_gmt":"2025-02-10T20:34:06","slug":"merlot-agricultura-biologica","status":"publish","type":"product","link":"https:\/\/arinzano.com\/en\/product\/merlot-agricultura-biologica","title":{"rendered":"AR\u00cdNZANO MERLOT AGRICULTURA BIOL\u00d3GICA"},"content":{"rendered":"","protected":false},"excerpt":{"rendered":"<div class=\"page\" title=\"Page 1\">\n<div class=\"layoutArea\">\n<div class=\"column\">\n<p>Time stops when tasting Ar\u00ednzano Merlot Agricultura Biol\u00f3gica. This Merlot according to the standards of biological agriculture shows all the potential that this varietal can offer when it\u2019s made exclusively with natural processes, without artificial alterations in the vineyard or cellar and avoiding intensive agriculture. A rare, elegant and complex wine. A masterpiece of nature.<\/p>\n<\/div>\n<\/div>\n<\/div>\n","protected":false},"featured_media":10551,"comment_status":"open","ping_status":"closed","template":"","meta":{"_acf_changed":false,"site-sidebar-layout":"default","site-content-layout":"default","ast-site-content-layout":"","site-content-style":"default","site-sidebar-style":"default","ast-global-header-display":"","ast-banner-title-visibility":"","ast-main-header-display":"","ast-hfb-above-header-display":"","ast-hfb-below-header-display":"","ast-hfb-mobile-header-display":"","site-post-title":"","ast-breadcrumbs-content":"","ast-featured-img":"","footer-sml-layout":"","theme-transparent-header-meta":"default","adv-header-id-meta":"","stick-header-meta":"","header-above-stick-meta":"","header-main-stick-meta":"","header-below-stick-meta":"","astra-migrate-meta-layouts":"default","ast-page-background-enabled":"default","ast-page-background-meta":{"desktop":{"background-color":"","background-image":"","background-repeat":"repeat","background-position":"center center","background-size":"auto","background-attachment":"scroll","background-type":"","background-media":"","overlay-type":"","overlay-color":"","overlay-opacity":"","overlay-gradient":""},"tablet":{"background-color":"","background-image":"","background-repeat":"repeat","background-position":"center center","background-size":"auto","background-attachment":"scroll","background-type":"","background-media":"","overlay-type":"","overlay-color":"","overlay-opacity":"","overlay-gradient":""},"mobile":{"background-color":"","background-image":"","background-repeat":"repeat","background-position":"center center","background-size":"auto","background-attachment":"scroll","background-type":"","background-media":"","overlay-type":"","overlay-color":"","overlay-opacity":"","overlay-gradient":""}},"ast-content-background-meta":{"desktop":{"background-color":"var(--ast-global-color-5)","background-image":"","background-repeat":"repeat","background-position":"center center","background-size":"auto","background-attachment":"scroll","background-type":"","background-media":"","overlay-type":"","overlay-color":"","overlay-opacity":"","overlay-gradient":""},"tablet":{"background-color":"var(--ast-global-color-5)","background-image":"","background-repeat":"repeat","background-position":"center center","background-size":"auto","background-attachment":"scroll","background-type":"","background-media":"","overlay-type":"","overlay-color":"","overlay-opacity":"","overlay-gradient":""},"mobile":{"background-color":"var(--ast-global-color-5)","background-image":"","background-repeat":"repeat","background-position":"center center","background-size":"auto","background-attachment":"scroll","background-type":"","background-media":"","overlay-type":"","overlay-color":"","overlay-opacity":"","overlay-gradient":""}}},"product_brand":[],"product_cat":[109],"product_tag":[],"class_list":{"0":"post-10728","1":"product","2":"type-product","3":"status-publish","4":"has-post-thumbnail","6":"product_cat-sin-categorizar-en","7":"desktop-align-left","8":"tablet-align-left","9":"mobile-align-left","11":"first","12":"instock","13":"taxable","14":"shipping-taxable","15":"purchasable","16":"product-type-simple"},"acf":[],"yoast_head":"<!-- This site is optimized with the Yoast SEO plugin v25.1 - https:\/\/yoast.com\/wordpress\/plugins\/seo\/ -->\n<title>AR\u00cdNZANO MERLOT AGRICULTURA BIOL\u00d3GICA - Arinzano<\/title>\n<meta name=\"robots\" content=\"index, follow, max-snippet:-1, max-image-preview:large, max-video-preview:-1\" \/>\n<link rel=\"canonical\" href=\"https:\/\/arinzano.com\/en\/product\/merlot-agricultura-biologica\" \/>\n<meta property=\"og:locale\" content=\"en_US\" \/>\n<meta property=\"og:type\" content=\"article\" \/>\n<meta property=\"og:title\" content=\"AR\u00cdNZANO MERLOT AGRICULTURA BIOL\u00d3GICA - Arinzano\" \/>\n<meta property=\"og:description\" content=\"Time stops when tasting Ar\u00ednzano Merlot Agricultura Biol\u00f3gica. This Merlot according to the standards of biological agriculture shows all the potential that this varietal can offer when it\u2019s made exclusively with natural processes, without artificial alterations in the vineyard or cellar and avoiding intensive agriculture. A rare, elegant and complex wine. A masterpiece of nature.\" \/>\n<meta property=\"og:url\" content=\"https:\/\/arinzano.com\/en\/product\/merlot-agricultura-biologica\" \/>\n<meta property=\"og:site_name\" content=\"Arinzano\" \/>\n<meta property=\"article:publisher\" content=\"https:\/\/www.facebook.com\/arinzano1055\" \/>\n<meta property=\"article:modified_time\" content=\"2025-02-10T20:34:06+00:00\" \/>\n<meta property=\"og:image\" content=\"https:\/\/arinzano.com\/wp-content\/uploads\/2022\/11\/merlot_agriculturabiologica_arinzano-1.png\" \/>\n\t<meta property=\"og:image:width\" content=\"339\" \/>\n\t<meta property=\"og:image:height\" content=\"973\" \/>\n\t<meta property=\"og:image:type\" content=\"image\/png\" \/>\n<meta name=\"twitter:card\" content=\"summary_large_image\" \/>\n<script type=\"application\/ld+json\" class=\"yoast-schema-graph\">{\"@context\":\"https:\/\/schema.org\",\"@graph\":[{\"@type\":\"WebPage\",\"@id\":\"https:\/\/arinzano.com\/en\/product\/merlot-agricultura-biologica\",\"url\":\"https:\/\/arinzano.com\/en\/product\/merlot-agricultura-biologica\",\"name\":\"AR\u00cdNZANO MERLOT AGRICULTURA BIOL\u00d3GICA - Arinzano\",\"isPartOf\":{\"@id\":\"https:\/\/arinzano.com\/en#website\"},\"primaryImageOfPage\":{\"@id\":\"https:\/\/arinzano.com\/en\/product\/merlot-agricultura-biologica#primaryimage\"},\"image\":{\"@id\":\"https:\/\/arinzano.com\/en\/product\/merlot-agricultura-biologica#primaryimage\"},\"thumbnailUrl\":\"https:\/\/arinzano.com\/wp-content\/uploads\/2022\/11\/merlot_agriculturabiologica_arinzano-1.png\",\"datePublished\":\"2023-01-31T16:00:09+00:00\",\"dateModified\":\"2025-02-10T20:34:06+00:00\",\"breadcrumb\":{\"@id\":\"https:\/\/arinzano.com\/en\/product\/merlot-agricultura-biologica#breadcrumb\"},\"inLanguage\":\"en-US\",\"potentialAction\":[{\"@type\":\"ReadAction\",\"target\":[\"https:\/\/arinzano.com\/en\/product\/merlot-agricultura-biologica\"]}]},{\"@type\":\"ImageObject\",\"inLanguage\":\"en-US\",\"@id\":\"https:\/\/arinzano.com\/en\/product\/merlot-agricultura-biologica#primaryimage\",\"url\":\"https:\/\/arinzano.com\/wp-content\/uploads\/2022\/11\/merlot_agriculturabiologica_arinzano-1.png\",\"contentUrl\":\"https:\/\/arinzano.com\/wp-content\/uploads\/2022\/11\/merlot_agriculturabiologica_arinzano-1.png\",\"width\":339,\"height\":973},{\"@type\":\"BreadcrumbList\",\"@id\":\"https:\/\/arinzano.com\/en\/product\/merlot-agricultura-biologica#breadcrumb\",\"itemListElement\":[{\"@type\":\"ListItem\",\"position\":1,\"name\":\"Home\",\"item\":\"https:\/\/arinzano.com\/en\"},{\"@type\":\"ListItem\",\"position\":2,\"name\":\"Store\",\"item\":\"https:\/\/arinzano.com\/en\/store\"},{\"@type\":\"ListItem\",\"position\":3,\"name\":\"AR\u00cdNZANO MERLOT AGRICULTURA BIOL\u00d3GICA\"}]},{\"@type\":\"WebSite\",\"@id\":\"https:\/\/arinzano.com\/en#website\",\"url\":\"https:\/\/arinzano.com\/en\",\"name\":\"Arinzano\",\"description\":\"La denominaci\u00f3n de vino de pago es la m\u00e1xima categor\u00eda que puede obtener un vino en Espa\u00f1a.\",\"publisher\":{\"@id\":\"https:\/\/arinzano.com\/en#organization\"},\"potentialAction\":[{\"@type\":\"SearchAction\",\"target\":{\"@type\":\"EntryPoint\",\"urlTemplate\":\"https:\/\/arinzano.com\/en?s={search_term_string}\"},\"query-input\":{\"@type\":\"PropertyValueSpecification\",\"valueRequired\":true,\"valueName\":\"search_term_string\"}}],\"inLanguage\":\"en-US\"},{\"@type\":\"Organization\",\"@id\":\"https:\/\/arinzano.com\/en#organization\",\"name\":\"Arinzano\",\"url\":\"https:\/\/arinzano.com\/en\",\"logo\":{\"@type\":\"ImageObject\",\"inLanguage\":\"en-US\",\"@id\":\"https:\/\/arinzano.com\/en#\/schema\/logo\/image\/\",\"url\":\"https:\/\/arinzano.com\/wp-content\/uploads\/2022\/12\/logo.png\",\"contentUrl\":\"https:\/\/arinzano.com\/wp-content\/uploads\/2022\/12\/logo.png\",\"width\":502,\"height\":460,\"caption\":\"Arinzano\"},\"image\":{\"@id\":\"https:\/\/arinzano.com\/en#\/schema\/logo\/image\/\"},\"sameAs\":[\"https:\/\/www.facebook.com\/arinzano1055\"]}]}<\/script>\n<!-- \/ Yoast SEO plugin. -->","yoast_head_json":{"title":"AR\u00cdNZANO MERLOT AGRICULTURA BIOL\u00d3GICA - Arinzano","robots":{"index":"index","follow":"follow","max-snippet":"max-snippet:-1","max-image-preview":"max-image-preview:large","max-video-preview":"max-video-preview:-1"},"canonical":"https:\/\/arinzano.com\/en\/product\/merlot-agricultura-biologica","og_locale":"en_US","og_type":"article","og_title":"AR\u00cdNZANO MERLOT AGRICULTURA BIOL\u00d3GICA - Arinzano","og_description":"Time stops when tasting Ar\u00ednzano Merlot Agricultura Biol\u00f3gica. This Merlot according to the standards of biological agriculture shows all the potential that this varietal can offer when it\u2019s made exclusively with natural processes, without artificial alterations in the vineyard or cellar and avoiding intensive agriculture. A rare, elegant and complex wine. A masterpiece of nature.","og_url":"https:\/\/arinzano.com\/en\/product\/merlot-agricultura-biologica","og_site_name":"Arinzano","article_publisher":"https:\/\/www.facebook.com\/arinzano1055","article_modified_time":"2025-02-10T20:34:06+00:00","og_image":[{"width":339,"height":973,"url":"https:\/\/arinzano.com\/wp-content\/uploads\/2022\/11\/merlot_agriculturabiologica_arinzano-1.png","type":"image\/png"}],"twitter_card":"summary_large_image","schema":{"@context":"https:\/\/schema.org","@graph":[{"@type":"WebPage","@id":"https:\/\/arinzano.com\/en\/product\/merlot-agricultura-biologica","url":"https:\/\/arinzano.com\/en\/product\/merlot-agricultura-biologica","name":"AR\u00cdNZANO MERLOT AGRICULTURA BIOL\u00d3GICA - Arinzano","isPartOf":{"@id":"https:\/\/arinzano.com\/en#website"},"primaryImageOfPage":{"@id":"https:\/\/arinzano.com\/en\/product\/merlot-agricultura-biologica#primaryimage"},"image":{"@id":"https:\/\/arinzano.com\/en\/product\/merlot-agricultura-biologica#primaryimage"},"thumbnailUrl":"https:\/\/arinzano.com\/wp-content\/uploads\/2022\/11\/merlot_agriculturabiologica_arinzano-1.png","datePublished":"2023-01-31T16:00:09+00:00","dateModified":"2025-02-10T20:34:06+00:00","breadcrumb":{"@id":"https:\/\/arinzano.com\/en\/product\/merlot-agricultura-biologica#breadcrumb"},"inLanguage":"en-US","potentialAction":[{"@type":"ReadAction","target":["https:\/\/arinzano.com\/en\/product\/merlot-agricultura-biologica"]}]},{"@type":"ImageObject","inLanguage":"en-US","@id":"https:\/\/arinzano.com\/en\/product\/merlot-agricultura-biologica#primaryimage","url":"https:\/\/arinzano.com\/wp-content\/uploads\/2022\/11\/merlot_agriculturabiologica_arinzano-1.png","contentUrl":"https:\/\/arinzano.com\/wp-content\/uploads\/2022\/11\/merlot_agriculturabiologica_arinzano-1.png","width":339,"height":973},{"@type":"BreadcrumbList","@id":"https:\/\/arinzano.com\/en\/product\/merlot-agricultura-biologica#breadcrumb","itemListElement":[{"@type":"ListItem","position":1,"name":"Home","item":"https:\/\/arinzano.com\/en"},{"@type":"ListItem","position":2,"name":"Store","item":"https:\/\/arinzano.com\/en\/store"},{"@type":"ListItem","position":3,"name":"AR\u00cdNZANO MERLOT AGRICULTURA BIOL\u00d3GICA"}]},{"@type":"WebSite","@id":"https:\/\/arinzano.com\/en#website","url":"https:\/\/arinzano.com\/en","name":"Arinzano","description":"La denominaci\u00f3n de vino de pago es la m\u00e1xima categor\u00eda que puede obtener un vino en Espa\u00f1a.","publisher":{"@id":"https:\/\/arinzano.com\/en#organization"},"potentialAction":[{"@type":"SearchAction","target":{"@type":"EntryPoint","urlTemplate":"https:\/\/arinzano.com\/en?s={search_term_string}"},"query-input":{"@type":"PropertyValueSpecification","valueRequired":true,"valueName":"search_term_string"}}],"inLanguage":"en-US"},{"@type":"Organization","@id":"https:\/\/arinzano.com\/en#organization","name":"Arinzano","url":"https:\/\/arinzano.com\/en","logo":{"@type":"ImageObject","inLanguage":"en-US","@id":"https:\/\/arinzano.com\/en#\/schema\/logo\/image\/","url":"https:\/\/arinzano.com\/wp-content\/uploads\/2022\/12\/logo.png","contentUrl":"https:\/\/arinzano.com\/wp-content\/uploads\/2022\/12\/logo.png","width":502,"height":460,"caption":"Arinzano"},"image":{"@id":"https:\/\/arinzano.com\/en#\/schema\/logo\/image\/"},"sameAs":["https:\/\/www.facebook.com\/arinzano1055"]}]}},"_links":{"self":[{"href":"https:\/\/arinzano.com\/en\/wp-json\/wp\/v2\/product\/10728","targetHints":{"allow":["GET"]}}],"collection":[{"href":"https:\/\/arinzano.com\/en\/wp-json\/wp\/v2\/product"}],"about":[{"href":"https:\/\/arinzano.com\/en\/wp-json\/wp\/v2\/types\/product"}],"replies":[{"embeddable":true,"href":"https:\/\/arinzano.com\/en\/wp-json\/wp\/v2\/comments?post=10728"}],"version-history":[{"count":11,"href":"https:\/\/arinzano.com\/en\/wp-json\/wp\/v2\/product\/10728\/revisions"}],"predecessor-version":[{"id":17995,"href":"https:\/\/arinzano.com\/en\/wp-json\/wp\/v2\/product\/10728\/revisions\/17995"}],"wp:featuredmedia":[{"embeddable":true,"href":"https:\/\/arinzano.com\/en\/wp-json\/wp\/v2\/media\/10551"}],"wp:attachment":[{"href":"https:\/\/arinzano.com\/en\/wp-json\/wp\/v2\/media?parent=10728"}],"wp:term":[{"taxonomy":"product_brand","embeddable":true,"href":"https:\/\/arinzano.com\/en\/wp-json\/wp\/v2\/product_brand?post=10728"},{"taxonomy":"product_cat","embeddable":true,"href":"https:\/\/arinzano.com\/en\/wp-json\/wp\/v2\/product_cat?post=10728"},{"taxonomy":"product_tag","embeddable":true,"href":"https:\/\/arinzano.com\/en\/wp-json\/wp\/v2\/product_tag?post=10728"}],"curies":[{"name":"wp","href":"https:\/\/api.w.org\/{rel}","templated":true}]}}