{"id":18660,"date":"2025-06-23T10:09:56","date_gmt":"2025-06-23T13:09:56","guid":{"rendered":"https:\/\/arinzano.com\/the-villa-of-arinzano-reserve\/"},"modified":"2025-06-23T13:23:33","modified_gmt":"2025-06-23T16:23:33","slug":"the-villa-of-arinzano-reserve","status":"publish","type":"page","link":"https:\/\/arinzano.com\/en\/the-villa-of-arinzano-reserve","title":{"rendered":"the villa of arinzano reserve"},"content":{"rendered":"\t\t<div data-elementor-type=\"wp-page\" data-elementor-id=\"18660\" class=\"elementor elementor-18660 elementor-18542\" data-elementor-post-type=\"page\">\n\t\t\t\t\t\t<section class=\"elementor-section elementor-top-section elementor-element elementor-element-b565c97 elementor-section-boxed elementor-section-height-default elementor-section-height-default\" data-id=\"b565c97\" data-element_type=\"section\">\n\t\t\t\t\t\t<div class=\"elementor-container elementor-column-gap-default\">\n\t\t\t\t\t<div class=\"elementor-column elementor-col-100 elementor-top-column elementor-element elementor-element-a39fe11\" data-id=\"a39fe11\" data-element_type=\"column\">\n\t\t\t<div class=\"elementor-widget-wrap elementor-element-populated\">\n\t\t\t\t\t\t<div class=\"elementor-element elementor-element-cce2766 elementor-widget elementor-widget-shortcode\" data-id=\"cce2766\" data-element_type=\"widget\" data-widget_type=\"shortcode.default\">\n\t\t\t\t<div class=\"elementor-widget-container\">\n\t\t\t\t\t\t\t<div class=\"elementor-shortcode\">\n<div class=\"MrPlanPlugin_MotorPasafotos mrp_capa_pasafoto_V2_INC elp_ancho_total elp_capa_izq\" id_elemento=\"584684\" tipo_elemento=\"1\" style=\"text-align: center; vertical-align: middle;margin: 0 auto; \"><\/div>\t\n    <div class=\"TMrPlanPlugin_BarraIdiomas\">\n        <a href=\"https:\/\/arinzano.com\/en\/wp-json\/wp\/v2\/pages\/18660?id_idioma=0\" title=\"Spanish\" id=\"TMrPlanPlugin_BarraIdiomas_0\">\n        <img decoding=\"async\" class=\"\" alt=\"Spanish\" src=\"https:\/\/arinzano.com\/wp-content\/plugins\/misterplan\/\/assets\/images\/languages\/bandera_0_blanco.png\">\n    <\/a>\n        <a href=\"https:\/\/arinzano.com\/en\/wp-json\/wp\/v2\/pages\/18660?id_idioma=1\" title=\"English\" id=\"TMrPlanPlugin_BarraIdiomas_1\">\n        <img decoding=\"async\" class=\"TMrPlanPlugin_BarraIdiomas_Check\" alt=\"English\" src=\"https:\/\/arinzano.com\/wp-content\/plugins\/misterplan\/\/assets\/images\/languages\/bandera_1_blanco.png\">\n    <\/a>\n        <a href=\"https:\/\/arinzano.com\/en\/wp-json\/wp\/v2\/pages\/18660?id_idioma=2\" title=\"Portuguese\" id=\"TMrPlanPlugin_BarraIdiomas_2\">\n        <img decoding=\"async\" class=\"\" alt=\"Portuguese\" src=\"https:\/\/arinzano.com\/wp-content\/plugins\/misterplan\/\/assets\/images\/languages\/bandera_2_blanco.png\">\n    <\/a>\n        <a href=\"https:\/\/arinzano.com\/en\/wp-json\/wp\/v2\/pages\/18660?id_idioma=3\" title=\"French\" id=\"TMrPlanPlugin_BarraIdiomas_3\">\n        <img decoding=\"async\" class=\"\" alt=\"French\" src=\"https:\/\/arinzano.com\/wp-content\/plugins\/misterplan\/\/assets\/images\/languages\/bandera_3_blanco.png\">\n    <\/a>\n        <a href=\"https:\/\/arinzano.com\/en\/wp-json\/wp\/v2\/pages\/18660?id_idioma=4\" title=\"Italian\" id=\"TMrPlanPlugin_BarraIdiomas_4\">\n        <img decoding=\"async\" class=\"\" alt=\"Italian\" src=\"https:\/\/arinzano.com\/wp-content\/plugins\/misterplan\/\/assets\/images\/languages\/bandera_4_blanco.png\">\n    <\/a>\n        <a href=\"https:\/\/arinzano.com\/en\/wp-json\/wp\/v2\/pages\/18660?id_idioma=5\" title=\"German\" id=\"TMrPlanPlugin_BarraIdiomas_5\">\n        <img decoding=\"async\" class=\"\" alt=\"German\" src=\"https:\/\/arinzano.com\/wp-content\/plugins\/misterplan\/\/assets\/images\/languages\/bandera_5_blanco.png\">\n    <\/a>\n        <a href=\"https:\/\/arinzano.com\/en\/wp-json\/wp\/v2\/pages\/18660?id_idioma=6\" title=\"Catalan\" id=\"TMrPlanPlugin_BarraIdiomas_6\">\n        <img decoding=\"async\" class=\"\" alt=\"Catalan\" src=\"https:\/\/arinzano.com\/wp-content\/plugins\/misterplan\/\/assets\/images\/languages\/bandera_6_blanco.png\">\n    <\/a>\n        <a href=\"https:\/\/arinzano.com\/en\/wp-json\/wp\/v2\/pages\/18660?id_idioma=7\" title=\"Galician\" id=\"TMrPlanPlugin_BarraIdiomas_7\">\n        <img decoding=\"async\" class=\"\" alt=\"Galician\" src=\"https:\/\/arinzano.com\/wp-content\/plugins\/misterplan\/\/assets\/images\/languages\/bandera_7_blanco.png\">\n    <\/a>\n        <a href=\"https:\/\/arinzano.com\/en\/wp-json\/wp\/v2\/pages\/18660?id_idioma=8\" title=\"Basque\" id=\"TMrPlanPlugin_BarraIdiomas_8\">\n        <img decoding=\"async\" class=\"\" alt=\"Basque\" src=\"https:\/\/arinzano.com\/wp-content\/plugins\/misterplan\/\/assets\/images\/languages\/bandera_8_blanco.png\">\n    <\/a>\n    <\/div><!-- MISTERPLAN PLUGIN 1.1.41-->\n<!-- MISTERPLAN PLUGIN MOTOR TIPO 1 ID ELEMENTO 584684 DESTINO 1 PV 8993-->\n<div class=\"MrPlanPlugin_MotorContainer \" >\n    <div id=\"rpsv_IncWidgetFicha\" class=\"MrPlanPlugin_CapaMotor MrPlanPlugin_CapaMotor_1\">  \n        \n        <script nowprocket async type=\"text\/javascript\" \n            id_elemento=\"584684\"\n            tipo_elemento=\"1\"\n            idw=\"4421\"\n            w_type=\"ficha\"\n            url_confirmacion=\"https:\/\/arinzano.com\/booking-confirmation\"\n            w_contenido=\"simple\"\n            id_idioma=\"1\"\n            w_param=\"getURL\"\n            paramHash=\"1805c1cc42bd2d61f1d1460ea9bef4323cd680a9\"\n                        TEws_cod_habitacion=\"584684-0\"\n                        TEws_fecha_ini=\"\"\n            TEws_n_noches=\"1\"\n            TEws_autoload=\"0\"\n            src=\"https:\/\/www.mrplan.es\/experiencias\/modulos\/TExpReverse\/lib\/TExpReverseInc.php?id_casa=584684&idw=4421&paramHash=1805c1cc42bd2d61f1d1460ea9bef4323cd680a9&source_plugin=MrPlanPlugin&web_plugin=https%3A%2F%2Farinzano.com%2Fen%2Fthe-villa-of-arinzano-reserve&n_noches=1\"><\/script>\n        <\/script>\n    <\/div>\n<\/div>\n<\/div>\n\t\t\t\t\t\t<\/div>\n\t\t\t\t<\/div>\n\t\t\t\t\t<\/div>\n\t\t<\/div>\n\t\t\t\t\t<\/div>\n\t\t<\/section>\n\t\t\t\t<\/div>\n\t\t","protected":false},"excerpt":{"rendered":"","protected":false},"author":1,"featured_media":0,"parent":0,"menu_order":0,"comment_status":"closed","ping_status":"closed","template":"","meta":{"_acf_changed":false,"site-sidebar-layout":"no-sidebar","site-content-layout":"page-builder","ast-site-content-layout":"full-width-container","site-content-style":"default","site-sidebar-style":"default","ast-global-header-display":"","ast-banner-title-visibility":"","ast-main-header-display":"","ast-hfb-above-header-display":"","ast-hfb-below-header-display":"","ast-hfb-mobile-header-display":"","site-post-title":"disabled","ast-breadcrumbs-content":"","ast-featured-img":"disabled","footer-sml-layout":"","theme-transparent-header-meta":"","adv-header-id-meta":"","stick-header-meta":"","header-above-stick-meta":"","header-main-stick-meta":"","header-below-stick-meta":"","astra-migrate-meta-layouts":"default","ast-page-background-enabled":"default","ast-page-background-meta":{"desktop":{"background-color":"","background-image":"","background-repeat":"repeat","background-position":"center center","background-size":"auto","background-attachment":"scroll","background-type":"","background-media":"","overlay-type":"","overlay-color":"","overlay-opacity":"","overlay-gradient":""},"tablet":{"background-color":"","background-image":"","background-repeat":"repeat","background-position":"center center","background-size":"auto","background-attachment":"scroll","background-type":"","background-media":"","overlay-type":"","overlay-color":"","overlay-opacity":"","overlay-gradient":""},"mobile":{"background-color":"","background-image":"","background-repeat":"repeat","background-position":"center center","background-size":"auto","background-attachment":"scroll","background-type":"","background-media":"","overlay-type":"","overlay-color":"","overlay-opacity":"","overlay-gradient":""}},"ast-content-background-meta":{"desktop":{"background-color":"var(--ast-global-color-5)","background-image":"","background-repeat":"repeat","background-position":"center center","background-size":"auto","background-attachment":"scroll","background-type":"","background-media":"","overlay-type":"","overlay-color":"","overlay-opacity":"","overlay-gradient":""},"tablet":{"background-color":"var(--ast-global-color-5)","background-image":"","background-repeat":"repeat","background-position":"center center","background-size":"auto","background-attachment":"scroll","background-type":"","background-media":"","overlay-type":"","overlay-color":"","overlay-opacity":"","overlay-gradient":""},"mobile":{"background-color":"var(--ast-global-color-5)","background-image":"","background-repeat":"repeat","background-position":"center center","background-size":"auto","background-attachment":"scroll","background-type":"","background-media":"","overlay-type":"","overlay-color":"","overlay-opacity":"","overlay-gradient":""}},"footnotes":""},"class_list":["post-18660","page","type-page","status-publish","hentry"],"acf":[],"yoast_head":"<!-- This site is optimized with the Yoast SEO plugin v25.1 - https:\/\/yoast.com\/wordpress\/plugins\/seo\/ -->\n<title>the villa of arinzano reserve - Arinzano<\/title>\n<meta name=\"robots\" content=\"index, follow, max-snippet:-1, max-image-preview:large, max-video-preview:-1\" \/>\n<link rel=\"canonical\" href=\"https:\/\/arinzano.com\/en\/the-villa-of-arinzano-reserve\" \/>\n<meta property=\"og:locale\" content=\"en_US\" \/>\n<meta property=\"og:type\" content=\"article\" \/>\n<meta property=\"og:title\" content=\"the villa of arinzano reserve - Arinzano\" \/>\n<meta property=\"og:url\" content=\"https:\/\/arinzano.com\/en\/the-villa-of-arinzano-reserve\" \/>\n<meta property=\"og:site_name\" content=\"Arinzano\" \/>\n<meta property=\"article:publisher\" content=\"https:\/\/www.facebook.com\/arinzano1055\" \/>\n<meta property=\"article:modified_time\" content=\"2025-06-23T16:23:33+00:00\" \/>\n<meta name=\"twitter:card\" content=\"summary_large_image\" \/>\n<script type=\"application\/ld+json\" class=\"yoast-schema-graph\">{\"@context\":\"https:\/\/schema.org\",\"@graph\":[{\"@type\":\"WebPage\",\"@id\":\"https:\/\/arinzano.com\/en\/the-villa-of-arinzano-reserve\",\"url\":\"https:\/\/arinzano.com\/en\/the-villa-of-arinzano-reserve\",\"name\":\"the villa of arinzano reserve - Arinzano\",\"isPartOf\":{\"@id\":\"https:\/\/arinzano.com\/en#website\"},\"datePublished\":\"2025-06-23T13:09:56+00:00\",\"dateModified\":\"2025-06-23T16:23:33+00:00\",\"breadcrumb\":{\"@id\":\"https:\/\/arinzano.com\/en\/the-villa-of-arinzano-reserve#breadcrumb\"},\"inLanguage\":\"en-US\",\"potentialAction\":[{\"@type\":\"ReadAction\",\"target\":[\"https:\/\/arinzano.com\/en\/the-villa-of-arinzano-reserve\"]}]},{\"@type\":\"BreadcrumbList\",\"@id\":\"https:\/\/arinzano.com\/en\/the-villa-of-arinzano-reserve#breadcrumb\",\"itemListElement\":[{\"@type\":\"ListItem\",\"position\":1,\"name\":\"Home\",\"item\":\"https:\/\/arinzano.com\/en\"},{\"@type\":\"ListItem\",\"position\":2,\"name\":\"the villa of arinzano reserve\"}]},{\"@type\":\"WebSite\",\"@id\":\"https:\/\/arinzano.com\/en#website\",\"url\":\"https:\/\/arinzano.com\/en\",\"name\":\"Arinzano\",\"description\":\"La denominaci\u00f3n de vino de pago es la m\u00e1xima categor\u00eda que puede obtener un vino en Espa\u00f1a.\",\"publisher\":{\"@id\":\"https:\/\/arinzano.com\/en#organization\"},\"potentialAction\":[{\"@type\":\"SearchAction\",\"target\":{\"@type\":\"EntryPoint\",\"urlTemplate\":\"https:\/\/arinzano.com\/en?s={search_term_string}\"},\"query-input\":{\"@type\":\"PropertyValueSpecification\",\"valueRequired\":true,\"valueName\":\"search_term_string\"}}],\"inLanguage\":\"en-US\"},{\"@type\":\"Organization\",\"@id\":\"https:\/\/arinzano.com\/en#organization\",\"name\":\"Arinzano\",\"url\":\"https:\/\/arinzano.com\/en\",\"logo\":{\"@type\":\"ImageObject\",\"inLanguage\":\"en-US\",\"@id\":\"https:\/\/arinzano.com\/en#\/schema\/logo\/image\/\",\"url\":\"https:\/\/arinzano.com\/wp-content\/uploads\/2022\/12\/logo.png\",\"contentUrl\":\"https:\/\/arinzano.com\/wp-content\/uploads\/2022\/12\/logo.png\",\"width\":502,\"height\":460,\"caption\":\"Arinzano\"},\"image\":{\"@id\":\"https:\/\/arinzano.com\/en#\/schema\/logo\/image\/\"},\"sameAs\":[\"https:\/\/www.facebook.com\/arinzano1055\"]}]}<\/script>\n<!-- \/ Yoast SEO plugin. -->","yoast_head_json":{"title":"the villa of arinzano reserve - Arinzano","robots":{"index":"index","follow":"follow","max-snippet":"max-snippet:-1","max-image-preview":"max-image-preview:large","max-video-preview":"max-video-preview:-1"},"canonical":"https:\/\/arinzano.com\/en\/the-villa-of-arinzano-reserve","og_locale":"en_US","og_type":"article","og_title":"the villa of arinzano reserve - Arinzano","og_url":"https:\/\/arinzano.com\/en\/the-villa-of-arinzano-reserve","og_site_name":"Arinzano","article_publisher":"https:\/\/www.facebook.com\/arinzano1055","article_modified_time":"2025-06-23T16:23:33+00:00","twitter_card":"summary_large_image","schema":{"@context":"https:\/\/schema.org","@graph":[{"@type":"WebPage","@id":"https:\/\/arinzano.com\/en\/the-villa-of-arinzano-reserve","url":"https:\/\/arinzano.com\/en\/the-villa-of-arinzano-reserve","name":"the villa of arinzano reserve - Arinzano","isPartOf":{"@id":"https:\/\/arinzano.com\/en#website"},"datePublished":"2025-06-23T13:09:56+00:00","dateModified":"2025-06-23T16:23:33+00:00","breadcrumb":{"@id":"https:\/\/arinzano.com\/en\/the-villa-of-arinzano-reserve#breadcrumb"},"inLanguage":"en-US","potentialAction":[{"@type":"ReadAction","target":["https:\/\/arinzano.com\/en\/the-villa-of-arinzano-reserve"]}]},{"@type":"BreadcrumbList","@id":"https:\/\/arinzano.com\/en\/the-villa-of-arinzano-reserve#breadcrumb","itemListElement":[{"@type":"ListItem","position":1,"name":"Home","item":"https:\/\/arinzano.com\/en"},{"@type":"ListItem","position":2,"name":"the villa of arinzano reserve"}]},{"@type":"WebSite","@id":"https:\/\/arinzano.com\/en#website","url":"https:\/\/arinzano.com\/en","name":"Arinzano","description":"La denominaci\u00f3n de vino de pago es la m\u00e1xima categor\u00eda que puede obtener un vino en Espa\u00f1a.","publisher":{"@id":"https:\/\/arinzano.com\/en#organization"},"potentialAction":[{"@type":"SearchAction","target":{"@type":"EntryPoint","urlTemplate":"https:\/\/arinzano.com\/en?s={search_term_string}"},"query-input":{"@type":"PropertyValueSpecification","valueRequired":true,"valueName":"search_term_string"}}],"inLanguage":"en-US"},{"@type":"Organization","@id":"https:\/\/arinzano.com\/en#organization","name":"Arinzano","url":"https:\/\/arinzano.com\/en","logo":{"@type":"ImageObject","inLanguage":"en-US","@id":"https:\/\/arinzano.com\/en#\/schema\/logo\/image\/","url":"https:\/\/arinzano.com\/wp-content\/uploads\/2022\/12\/logo.png","contentUrl":"https:\/\/arinzano.com\/wp-content\/uploads\/2022\/12\/logo.png","width":502,"height":460,"caption":"Arinzano"},"image":{"@id":"https:\/\/arinzano.com\/en#\/schema\/logo\/image\/"},"sameAs":["https:\/\/www.facebook.com\/arinzano1055"]}]}},"_links":{"self":[{"href":"https:\/\/arinzano.com\/en\/wp-json\/wp\/v2\/pages\/18660","targetHints":{"allow":["GET"]}}],"collection":[{"href":"https:\/\/arinzano.com\/en\/wp-json\/wp\/v2\/pages"}],"about":[{"href":"https:\/\/arinzano.com\/en\/wp-json\/wp\/v2\/types\/page"}],"author":[{"embeddable":true,"href":"https:\/\/arinzano.com\/en\/wp-json\/wp\/v2\/users\/1"}],"replies":[{"embeddable":true,"href":"https:\/\/arinzano.com\/en\/wp-json\/wp\/v2\/comments?post=18660"}],"version-history":[{"count":4,"href":"https:\/\/arinzano.com\/en\/wp-json\/wp\/v2\/pages\/18660\/revisions"}],"predecessor-version":[{"id":18664,"href":"https:\/\/arinzano.com\/en\/wp-json\/wp\/v2\/pages\/18660\/revisions\/18664"}],"wp:attachment":[{"href":"https:\/\/arinzano.com\/en\/wp-json\/wp\/v2\/media?parent=18660"}],"curies":[{"name":"wp","href":"https:\/\/api.w.org\/{rel}","templated":true}]}}